{"id":24,"date":"2023-02-15T10:16:11","date_gmt":"2023-02-15T09:16:11","guid":{"rendered":"https:\/\/sco-et-co.com\/?page_id=24"},"modified":"2023-05-03T11:16:52","modified_gmt":"2023-05-03T09:16:52","slug":"politique-de-confidentialite","status":"publish","type":"page","link":"https:\/\/sco-et-co.com\/index.php\/politique-de-confidentialite\/","title":{"rendered":"POLITIQUE DE CONFIDENTIALIT\u00c9"},"content":{"rendered":"<p>[et_pb_section fb_built=\u00a0\u00bb1&Prime; theme_builder_area=\u00a0\u00bbpost_content\u00a0\u00bb _builder_version=\u00a0\u00bb4.20.2&Prime; _module_preset=\u00a0\u00bbdefault\u00a0\u00bb][et_pb_row _builder_version=\u00a0\u00bb4.20.2&Prime; _module_preset=\u00a0\u00bbdefault\u00a0\u00bb theme_builder_area=\u00a0\u00bbpost_content\u00a0\u00bb][et_pb_column _builder_version=\u00a0\u00bb4.20.2&Prime; _module_preset=\u00a0\u00bbdefault\u00a0\u00bb type=\u00a0\u00bb4_4&Prime; theme_builder_area=\u00a0\u00bbpost_content\u00a0\u00bb][et_pb_text _builder_version=\u00a0\u00bb4.20.2&Prime; _module_preset=\u00a0\u00bbdefault\u00a0\u00bb theme_builder_area=\u00a0\u00bbpost_content\u00a0\u00bb hover_enabled=\u00a0\u00bb0&Prime; sticky_enabled=\u00a0\u00bb0&Prime;]<\/p>\n<p><b>Introduction<\/b><\/p>\n<p><span style=\"font-weight: 400;\">Dans le cadre de son activit\u00e9, l\u2019entreprise <\/span><b>Elisabeth REJOUIS<\/b><span style=\"font-weight: 400;\">, dont le si\u00e8ge social est situ\u00e9 au <\/span><b>6<\/b> <b>rue<\/b> <b>du Clos des Abbesses 91330 YERRES<\/b><span style=\"font-weight: 400;\">, est amen\u00e9e \u00e0 collecter et \u00e0 traiter des informations dont certaines sont qualifi\u00e9es de \u00ab donn\u00e9es personnelles \u00bb. <\/span><b>Elisabeth REJOUIS<\/b><span style=\"font-weight: 400;\"> attache une grande importance au respect de la vie priv\u00e9e, et n\u2019utilise que des donn\u00e9es de mani\u00e8re responsable et confidentielle et dans une finalit\u00e9 pr\u00e9cise.<\/span><\/p>\n<p><b>Donn\u00e9es personnelles<\/b><\/p>\n<p><span style=\"font-weight: 400;\">Sur le site web <\/span><b>sco-et-co.com<\/b><span style=\"font-weight: 400;\">, il y a 2 types de donn\u00e9es susceptibles d\u2019\u00eatre recueillies :<\/span><\/p>\n<p><b>Les donn\u00e9es transmises directement<\/b><\/p>\n<p><span style=\"font-weight: 400;\">Ces donn\u00e9es sont celles que vous nous transmettez directement, via un formulaire de contact ou bien par contact direct par email. Sont obligatoires dans le formulaire de contact les champs \u00ab pr\u00e9nom et nom \u00bb et \u00ab email \u00bb.<\/span><\/p>\n<p><b>Les donn\u00e9es collect\u00e9es automatiquement<\/b><\/p>\n<p><span style=\"font-weight: 400;\">Lors de vos visites, une fois votre consentement donn\u00e9, nous pouvons recueillir des informations de type \u00ab web Analytics \u00bb relatives \u00e0 votre navigation, la dur\u00e9e de votre consultation, votre adresse IP, votre type et version de navigateur. La technologie utilis\u00e9e est le cookie de Google Analytics.<\/span><\/p>\n<p><b>Utilisation des donn\u00e9es<\/b><\/p>\n<p><span style=\"font-weight: 400;\">Les donn\u00e9es que vous nous transmettez directement sont utilis\u00e9es dans le but de vous recontacter et\/ou dans le cadre de la demande que vous nous faites. Les donn\u00e9es \u00ab web Analytics \u00bb sont collect\u00e9es de forme anonyme (en enregistrant des adresses IP anonymes) par Google Analytics, et nous permettent de mesurer l\u2019audience de notre site web, les consultations et les \u00e9ventuelles erreurs afin d\u2019am\u00e9liorer constamment l\u2019exp\u00e9rience des utilisateurs. Ces donn\u00e9es sont utilis\u00e9es par <\/span><b>Elisabeth REJOUIS<\/b><span style=\"font-weight: 400;\">, responsable du traitement des donn\u00e9es, et ne seront jamais c\u00e9d\u00e9es \u00e0 un tiers ni utilis\u00e9es \u00e0 d\u2019autres fins que celles d\u00e9taill\u00e9es ci-dessus.<\/span><\/p>\n<p><b>Base l\u00e9gale<\/b><\/p>\n<p><span style=\"font-weight: 400;\">Les donn\u00e9es personnelles ne sont collect\u00e9es qu\u2019apr\u00e8s consentement obligatoire de l\u2019utilisateur. Ce consentement est valablement recueilli (boutons), libre, clair et sans \u00e9quivoque.<\/span><\/p>\n<p><b>Dur\u00e9e de conservation<\/b><\/p>\n<p><span style=\"font-weight: 400;\">Les donn\u00e9es seront sauvegard\u00e9es durant une dur\u00e9e maximale de 3 ans.<\/span><\/p>\n<p><b>Vos droits concernant les donn\u00e9es personnelles<\/b><\/p>\n<p><span style=\"font-weight: 400;\">Vous avez le droit de consultation, demande de modification ou d\u2019effacement sur l\u2019ensemble de vos donn\u00e9es personnelles. Vous pouvez \u00e9galement retirer votre consentement au traitement de vos donn\u00e9es.<\/span><\/p>\n<p><b>Contact d\u00e9l\u00e9gu\u00e9 \u00e0 la protection des donn\u00e9es<\/b><\/p>\n<p><span style=\"font-weight: 400;\">REJOUIS + scoetco@gmail.com<\/span><\/p>\n<p>[\/et_pb_text][\/et_pb_column][\/et_pb_row][\/et_pb_section]<\/p>\n","protected":false},"excerpt":{"rendered":"<p>Introduction Dans le cadre de son activit\u00e9, l\u2019entreprise Elisabeth REJOUIS, dont le si\u00e8ge social est situ\u00e9 au 6 rue du Clos des Abbesses 91330 YERRES, est amen\u00e9e \u00e0 collecter et \u00e0 traiter des informations dont certaines sont qualifi\u00e9es de \u00ab donn\u00e9es personnelles \u00bb. Elisabeth REJOUIS attache une grande importance au respect de la vie priv\u00e9e, [&hellip;]<\/p>\n","protected":false},"author":2,"featured_media":0,"parent":0,"menu_order":0,"comment_status":"closed","ping_status":"closed","template":"","meta":{"_seopress_robots_primary_cat":"","_seopress_titles_title":"","_seopress_titles_desc":"","_seopress_robots_index":"yes","_et_pb_use_builder":"on","_et_pb_old_content":"<!-- wp:divi\/placeholder \/-->","_et_gb_content_width":"","footnotes":""},"class_list":["post-24","page","type-page","status-publish","hentry"],"_links":{"self":[{"href":"https:\/\/sco-et-co.com\/index.php\/wp-json\/wp\/v2\/pages\/24","targetHints":{"allow":["GET"]}}],"collection":[{"href":"https:\/\/sco-et-co.com\/index.php\/wp-json\/wp\/v2\/pages"}],"about":[{"href":"https:\/\/sco-et-co.com\/index.php\/wp-json\/wp\/v2\/types\/page"}],"author":[{"embeddable":true,"href":"https:\/\/sco-et-co.com\/index.php\/wp-json\/wp\/v2\/users\/2"}],"replies":[{"embeddable":true,"href":"https:\/\/sco-et-co.com\/index.php\/wp-json\/wp\/v2\/comments?post=24"}],"version-history":[{"count":3,"href":"https:\/\/sco-et-co.com\/index.php\/wp-json\/wp\/v2\/pages\/24\/revisions"}],"predecessor-version":[{"id":144,"href":"https:\/\/sco-et-co.com\/index.php\/wp-json\/wp\/v2\/pages\/24\/revisions\/144"}],"wp:attachment":[{"href":"https:\/\/sco-et-co.com\/index.php\/wp-json\/wp\/v2\/media?parent=24"}],"curies":[{"name":"wp","href":"https:\/\/api.w.org\/{rel}","templated":true}]}}