{"id":312,"date":"2026-02-23T19:57:04","date_gmt":"2026-02-23T18:57:04","guid":{"rendered":"https:\/\/sco-et-co.com\/?page_id=312"},"modified":"2026-03-09T20:01:42","modified_gmt":"2026-03-09T19:01:42","slug":"tarifs","status":"publish","type":"page","link":"https:\/\/sco-et-co.com\/index.php\/tarifs\/","title":{"rendered":"TARIFS"},"content":{"rendered":"<p>[et_pb_section fb_built=\u00a0\u00bb1&Prime; _builder_version=\u00a0\u00bb4.19.5&Prime; _module_preset=\u00a0\u00bbdefault\u00a0\u00bb global_colors_info=\u00a0\u00bb{}\u00a0\u00bb][et_pb_row _builder_version=\u00a0\u00bb4.20.2&Prime; _module_preset=\u00a0\u00bbdefault\u00a0\u00bb global_colors_info=\u00a0\u00bb{}\u00a0\u00bb][et_pb_column type=\u00a0\u00bb4_4&Prime; _builder_version=\u00a0\u00bb4.20.2&Prime; _module_preset=\u00a0\u00bbdefault\u00a0\u00bb global_colors_info=\u00a0\u00bb{}\u00a0\u00bb][et_pb_text _builder_version=\u00a0\u00bb4.21.0&Prime; _module_preset=\u00a0\u00bbdefault\u00a0\u00bb text_font=\u00a0\u00bbMabook||||||||\u00a0\u00bb text_text_color=\u00a0\u00bb#ff1111&Prime; text_font_size=\u00a0\u00bb20px\u00a0\u00bb header_text_align=\u00a0\u00bbcenter\u00a0\u00bb header_text_color=\u00a0\u00bb#ff1111&Prime; header_font_size=\u00a0\u00bb55px\u00a0\u00bb header_2_font=\u00a0\u00bbMabook||||||||\u00a0\u00bb header_2_text_color=\u00a0\u00bb#ff1111&Prime; global_colors_info=\u00a0\u00bb{}\u00a0\u00bb]<\/p>\n<h1><b>DEROULEMENT DES SEANCES<\/b><\/h1>\n<h1><\/h1>\n<p>[\/et_pb_text][\/et_pb_column][\/et_pb_row][et_pb_row _builder_version=\u00a0\u00bb4.20.1&Prime; _module_preset=\u00a0\u00bbdefault\u00a0\u00bb custom_padding=\u00a0\u00bb||0px||false|false\u00a0\u00bb global_colors_info=\u00a0\u00bb{}\u00a0\u00bb][et_pb_column type=\u00a0\u00bb4_4&Prime; _builder_version=\u00a0\u00bb4.19.5&Prime; _module_preset=\u00a0\u00bbdefault\u00a0\u00bb global_colors_info=\u00a0\u00bb{}\u00a0\u00bb][et_pb_text _builder_version=\u00a0\u00bb4.21.0&Prime; _module_preset=\u00a0\u00bbdefault\u00a0\u00bb global_colors_info=\u00a0\u00bb{}\u00a0\u00bb]<\/p>\n<ul>\n<li aria-level=\"1\">\n<h2><strong>PRISE DE CONTACT<\/strong><\/h2>\n<\/li>\n<\/ul>\n<p><span style=\"font-weight: 400;\">Un \u00e9change t\u00e9l\u00e9phonique ou par mail a lieu afin de conna\u00eetre vos besoins.<\/span><\/p>\n<p><b><\/b><\/p>\n<ul>\n<li aria-level=\"1\">\n<h2><strong>ENTRETIEN A DOMICILE<\/strong><\/h2>\n<\/li>\n<\/ul>\n<p><span style=\"font-weight: 400;\">Un rendez-vous \u00e0 votre domicile d\u20191h \u00e0 1h30 pour d\u00e9finir vos objectifs et rencontrer l\u2019enfant \u00e0 accompagner.<\/span><\/p>\n<p><b><\/b><\/p>\n<ul>\n<li aria-level=\"1\">\n<h2><strong>PERIODE D\u2019OBSERVATION<\/strong><\/h2>\n<\/li>\n<\/ul>\n<p><span style=\"font-weight: 400;\">Plusieurs rencontres seront n\u00e9cessaires selon : <\/span><\/p>\n<p><span style=\"font-weight: 400;\">&#8211; le niveau scolaire de votre enfant, pour l&rsquo;\u00e9valuer et \u00e9tablir un programme adapt\u00e9 \u00e0 ses besoins (soutien scolaire);<\/span><\/p>\n<p><span style=\"font-weight: 400;\">&#8211; la demande des parents et\/ou de l&rsquo;apprenant pour \u00e9tablir un plan d&rsquo;intervention personnalis\u00e9 (orthop\u00e9dagogie).<\/span><\/p>\n<p><b><\/b><\/p>\n<ul>\n<li aria-level=\"1\">\n<h2><strong>MODALITE D\u2019ACCOMPAGNEMENT<\/strong><\/h2>\n<\/li>\n<\/ul>\n<p><span style=\"font-weight: 400;\">Nous d\u00e9finirons ensemble la dur\u00e9e et la fr\u00e9quence (jours et horaires) des s\u00e9ances. Un devis vous sera transmis.<\/span><\/p>\n<p><span style=\"font-weight: 400;\"><\/span><\/p>\n<ul>\n<li>\n<h2><strong>ZONE D&rsquo;INTERVENTION<\/strong><\/h2>\n<\/li>\n<\/ul>\n<p><span style=\"font-weight: 400;\">\u00a0Yerres \u2013 Montgeron \u2013 Brunoy \u2013 Epinay sous S\u00e9nart \u2013 Villeneuve St Georges \u2013Boissy St L\u00e9ger \u2013 Bonneuil sur Marne \u2013 Mandres les Roses \u2013 Vigneux sur Seine \u2013 Limeil Br\u00e9vannes \u2013 Villecresnes \u2013 Crosne &#8211; Valenton<\/span><\/p>\n<p><span style=\"font-weight: 400;\"><strong>Hors zone<\/strong>\u00a0: me consulter<\/span><\/p>\n<ul><\/ul>\n<p>&nbsp;<\/p>\n<p>[\/et_pb_text][dsm_embed_google_map address=\u00a0\u00bbBRUNOY\u00a0\u00bb _builder_version=\u00a0\u00bb4.27.2&Prime; _module_preset=\u00a0\u00bbdefault\u00a0\u00bb global_colors_info=\u00a0\u00bb{}\u00a0\u00bb][\/dsm_embed_google_map][\/et_pb_column][\/et_pb_row][et_pb_row _builder_version=\u00a0\u00bb4.21.0&Prime; _module_preset=\u00a0\u00bbdefault\u00a0\u00bb global_colors_info=\u00a0\u00bb{}\u00a0\u00bb][et_pb_column type=\u00a0\u00bb4_4&Prime; _builder_version=\u00a0\u00bb4.21.0&Prime; _module_preset=\u00a0\u00bbdefault\u00a0\u00bb global_colors_info=\u00a0\u00bb{}\u00a0\u00bb][et_pb_text _builder_version=\u00a0\u00bb4.27.2&Prime; _module_preset=\u00a0\u00bbdefault\u00a0\u00bb text_font=\u00a0\u00bbMabook||||||||\u00a0\u00bb text_text_color=\u00a0\u00bb#ff1111&Prime; text_font_size=\u00a0\u00bb20px\u00a0\u00bb header_text_align=\u00a0\u00bbcenter\u00a0\u00bb header_text_color=\u00a0\u00bb#ff1111&Prime; header_font_size=\u00a0\u00bb55px\u00a0\u00bb header_2_font=\u00a0\u00bbMabook||||||||\u00a0\u00bb header_2_text_color=\u00a0\u00bb#ff1111&Prime; global_colors_info=\u00a0\u00bb{}\u00a0\u00bb]<\/p>\n<h1><b>TARIFS ORTHOPEDAGOGIE<\/b><\/h1>\n<p>[\/et_pb_text][\/et_pb_column][\/et_pb_row][et_pb_row _builder_version=\u00a0\u00bb4.21.0&Prime; _module_preset=\u00a0\u00bbdefault\u00a0\u00bb hover_enabled=\u00a0\u00bb0&Prime; global_colors_info=\u00a0\u00bb{}\u00a0\u00bb sticky_enabled=\u00a0\u00bb0&Prime;][et_pb_column type=\u00a0\u00bb4_4&Prime; _builder_version=\u00a0\u00bb4.21.0&Prime; _module_preset=\u00a0\u00bbdefault\u00a0\u00bb global_colors_info=\u00a0\u00bb{}\u00a0\u00bb][et_pb_pricing_tables show_bullet=\u00a0\u00bboff\u00a0\u00bb _builder_version=\u00a0\u00bb4.27.2&Prime; _module_preset=\u00a0\u00bbdefault\u00a0\u00bb hover_enabled=\u00a0\u00bb0&Prime; global_colors_info=\u00a0\u00bb{}\u00a0\u00bb sticky_enabled=\u00a0\u00bb0&Prime;][et_pb_pricing_table title=\u00a0\u00bbTARIF LIBERAL\u00a0\u00bb sum=\u00a0\u00bb50\u20ac\u00a0\u00bb _builder_version=\u00a0\u00bb4.27.2&Prime; _module_preset=\u00a0\u00bbdefault\u00a0\u00bb global_colors_info=\u00a0\u00bb{}\u00a0\u00bb sticky_transition=\u00a0\u00bbon\u00a0\u00bb]<\/p>\n<p>S\u00e9ance d&rsquo;observation 1h<\/p>\n<p>S\u00e9ance de remise du plan d&rsquo;intervention 1h30<\/p>\n<p>S\u00e9ance de rem\u00e9diation 1h<\/p>\n<p>Le r\u00e8glement s\u2019effectue en fin de s\u00e9ance et <strong>une facture vous est remise<\/strong>.\u00a0<strong><\/strong><\/p>\n<p>&nbsp;<\/p>\n<p><em><\/em><\/p>\n<p>[\/et_pb_pricing_table][\/et_pb_pricing_tables][\/et_pb_column][\/et_pb_row][et_pb_row _builder_version=\u00a0\u00bb4.21.0&Prime; _module_preset=\u00a0\u00bbdefault\u00a0\u00bb global_colors_info=\u00a0\u00bb{}\u00a0\u00bb][et_pb_column type=\u00a0\u00bb4_4&Prime; _builder_version=\u00a0\u00bb4.21.0&Prime; _module_preset=\u00a0\u00bbdefault\u00a0\u00bb global_colors_info=\u00a0\u00bb{}\u00a0\u00bb][et_pb_text _builder_version=\u00a0\u00bb4.21.0&Prime; _module_preset=\u00a0\u00bbdefault\u00a0\u00bb text_font=\u00a0\u00bbMabook||||||||\u00a0\u00bb text_text_color=\u00a0\u00bb#ff1111&Prime; text_font_size=\u00a0\u00bb20px\u00a0\u00bb header_text_align=\u00a0\u00bbcenter\u00a0\u00bb header_text_color=\u00a0\u00bb#ff1111&Prime; header_font_size=\u00a0\u00bb55px\u00a0\u00bb header_2_font=\u00a0\u00bbMabook||||||||\u00a0\u00bb header_2_text_color=\u00a0\u00bb#ff1111&Prime; global_colors_info=\u00a0\u00bb{}\u00a0\u00bb]<\/p>\n<h1><b>TARIFS SOUTIEN SCOLAIRE<\/b><\/h1>\n<p>[\/et_pb_text][\/et_pb_column][\/et_pb_row][et_pb_row column_structure=\u00a0\u00bb1_2,1_2&Prime; _builder_version=\u00a0\u00bb4.21.0&Prime; _module_preset=\u00a0\u00bbdefault\u00a0\u00bb locked=\u00a0\u00bboff\u00a0\u00bb global_colors_info=\u00a0\u00bb{}\u00a0\u00bb][et_pb_column type=\u00a0\u00bb1_2&Prime; _builder_version=\u00a0\u00bb4.21.0&Prime; _module_preset=\u00a0\u00bbdefault\u00a0\u00bb global_colors_info=\u00a0\u00bb{}\u00a0\u00bb][et_pb_pricing_tables show_bullet=\u00a0\u00bboff\u00a0\u00bb _builder_version=\u00a0\u00bb4.21.0&Prime; _module_preset=\u00a0\u00bbdefault\u00a0\u00bb global_colors_info=\u00a0\u00bb{}\u00a0\u00bb][et_pb_pricing_table title=\u00a0\u00bbTARIF SALARIE\u00a0\u00bb sum=\u00a0\u00bb25\u20ac \u00a0\u00bb _builder_version=\u00a0\u00bb4.21.0&Prime; _module_preset=\u00a0\u00bbdefault\u00a0\u00bb global_colors_info=\u00a0\u00bb{}\u00a0\u00bb sticky_transition=\u00a0\u00bbon\u00a0\u00bb]<\/p>\n<p><strong>Prix indiqu\u00e9 dans le cas d\u2019un contrat de travail en tant que \u00ab salari\u00e9 du particulier-employeur \u00bb CESU \u00e0 domicile<\/strong><\/p>\n<p><strong>Cours particulier \u00e0 domicile\u00a0<\/strong><br \/><strong>1 heure de cours : 25 \u20ac<\/strong><strong>net\u00a0<\/strong>\/ co\u00fbt r\u00e9el final entre <strong>11\u20ac<\/strong>* et <strong>16\u20ac<\/strong>* si vous b\u00e9n\u00e9ficiez de l\u2019AEEH ou de la PCH<\/p>\n<p><strong>Frais kilom\u00e9trique<\/strong><\/p>\n<p><span style=\"font-size: 17px;\">Calcul\u00e9 au d\u00e9part de Talma \u00e0 Brunoy selon le bar\u00e8me kilom\u00e9trique sur <strong>https:\/\/www.impots.gouv.fr\/simulateur-bareme-kilometrique<\/strong><\/span><\/p>\n<p>Passer par le dispositif CESU vous offrira plusieurs avantages:<\/p>\n<p><strong style=\"font-size: 17px;\">Exon\u00e9ration de cotisations : <\/strong><span style=\"font-size: 17px;\">selon le profil de l\u2019enfant<\/span><\/p>\n<p><strong style=\"font-size: 17px;\">Avantages fiscaux : <\/strong><span style=\"font-size: 17px;\">abattement de 50%de ce qui a \u00e9t\u00e9 vers\u00e9.<\/span><\/p>\n<p><strong style=\"font-size: 17px;\">D\u00e9marches simplifi\u00e9es : <\/strong><span style=\"font-size: 17px;\">calcul cotisations, fiche de paie\u2026<\/span><\/p>\n<p><span style=\"font-size: 17px;\"><a href=\"https:\/\/www.cesu.urssaf.fr\/info\/accueil\/s-informer-sur-le-cesu\/tout-savoir\/c-est-quoi-pour-qui.html\"><strong><span style=\"text-decoration: underline;\">En savoir plus\u00a0:<\/span> CESU.URSSAF.FR<\/strong><\/a><\/span><\/p>\n<p>&nbsp;<\/p>\n<p>[\/et_pb_pricing_table][\/et_pb_pricing_tables][\/et_pb_column][et_pb_column type=\u00a0\u00bb1_2&Prime; _builder_version=\u00a0\u00bb4.21.0&Prime; _module_preset=\u00a0\u00bbdefault\u00a0\u00bb global_colors_info=\u00a0\u00bb{}\u00a0\u00bb][et_pb_pricing_tables show_bullet=\u00a0\u00bboff\u00a0\u00bb _builder_version=\u00a0\u00bb4.21.0&Prime; _module_preset=\u00a0\u00bbdefault\u00a0\u00bb global_colors_info=\u00a0\u00bb{}\u00a0\u00bb][et_pb_pricing_table title=\u00a0\u00bbTARIF LIBERAL\u00a0\u00bb sum=\u00a0\u00bb40\u20ac\u00a0\u00bb _builder_version=\u00a0\u00bb4.21.0&Prime; _module_preset=\u00a0\u00bbdefault\u00a0\u00bb global_colors_info=\u00a0\u00bb{}\u00a0\u00bb sticky_transition=\u00a0\u00bbon\u00a0\u00bb]<\/p>\n<p>Le r\u00e8glement s\u2019effectue \u00e0 la fin du cours et <strong>une facture vous est remise \u00e0 la fin du mois<\/strong>.\u00a0<strong>En tant qu\u2019employeur \u00e0 domicile, vous pouvez b\u00e9n\u00e9ficier d\u2019une r\u00e9duction ou d\u2019un cr\u00e9dit d\u2019imp\u00f4ts de 50 % sur toutes les sommes vers\u00e9es \u2013 n\u00b0 SAP 949055685.<\/strong><\/p>\n<p>Vous n\u2019avez pas de charges sociales \u00e0 verser.<\/p>\n<p><em>A ce titre, vous recevrez une attestation \u00e0 chaque d\u00e9but d\u2019ann\u00e9e civile.<\/em><\/p>\n<p><strong style=\"font-size: 17px;\">Cours particulier \u00e0 domicile <\/strong><\/p>\n<p><strong style=\"font-size: 17px;\">1 heure de cours : 40\u20ac<\/strong><span style=\"font-size: 17px;\">\/ co\u00fbt r\u00e9el final\u00a0<\/span><strong style=\"font-size: 17px;\">20\u20ac<\/strong><span style=\"font-size: 17px;\">*<\/span><\/p>\n<p><strong style=\"font-size: 17px;\">Frais de d\u00e9placement<\/strong><\/p>\n<p><strong style=\"font-size: 17px;\">0,60 \u20ac du kilom\u00e8tre\u00a0<\/strong><span style=\"font-size: 17px;\">\/ co\u00fbt r\u00e9el final environ\u00a0<\/span><strong style=\"font-size: 17px;\">0,30\u20ac* du kilom\u00e8tre<\/strong><span style=\"font-size: 17px;\">, calcul\u00e9 au d\u00e9part de Talma \u00e0 Brunoy<\/span><\/p>\n<p><em>*Apr\u00e8s la r\u00e9duction ou le cr\u00e9dit d\u2018imp\u00f4ts de 50 %\u00a0TVA non applicable, article 293 B du CGI<\/em><\/p>\n<p><img loading=\"lazy\" decoding=\"async\" src=\"https:\/\/sco-et-co.com\/wp-content\/uploads\/2023\/05\/Traceur_SAP_web_rvb_jpg-300x253.jpg\" width=\"142\" height=\"120\" alt=\"\" class=\"wp-image-479 alignnone size-medium\" srcset=\"https:\/\/sco-et-co.com\/wp-content\/uploads\/2023\/05\/Traceur_SAP_web_rvb_jpg-300x253.jpg 300w, https:\/\/sco-et-co.com\/wp-content\/uploads\/2023\/05\/Traceur_SAP_web_rvb_jpg.jpg 391w\" sizes=\"auto, (max-width: 142px) 100vw, 142px\" \/><em><\/em><\/p>\n<p><em><\/em><\/p>\n<p><em><\/em><\/p>\n<p>[\/et_pb_pricing_table][\/et_pb_pricing_tables][\/et_pb_column][\/et_pb_row][\/et_pb_section][et_pb_section fb_built=\u00a0\u00bb1&Prime; _builder_version=\u00a0\u00bb4.20.1&Prime; _module_preset=\u00a0\u00bbdefault\u00a0\u00bb custom_margin=\u00a0\u00bb-57px||||false|false\u00a0\u00bb global_colors_info=\u00a0\u00bb{}\u00a0\u00bb][et_pb_row _builder_version=\u00a0\u00bb4.19.5&Prime; _module_preset=\u00a0\u00bbdefault\u00a0\u00bb global_colors_info=\u00a0\u00bb{}\u00a0\u00bb][et_pb_column type=\u00a0\u00bb4_4&Prime; _builder_version=\u00a0\u00bb4.19.5&Prime; _module_preset=\u00a0\u00bbdefault\u00a0\u00bb global_colors_info=\u00a0\u00bb{}\u00a0\u00bb][et_pb_text _builder_version=\u00a0\u00bb4.20.2&Prime; _module_preset=\u00a0\u00bbdefault\u00a0\u00bb header_2_font=\u00a0\u00bbMabook|700||on|||||\u00a0\u00bb header_2_text_color=\u00a0\u00bb#ff1111&Prime; header_2_font_size=\u00a0\u00bb20px\u00a0\u00bb global_colors_info=\u00a0\u00bb{}\u00a0\u00bb]<\/p>\n<h2>Mes\u00a0 prestations<\/h2>\n<p>[\/et_pb_text][\/et_pb_column][\/et_pb_row][et_pb_row column_structure=\u00a0\u00bb1_4,1_4,1_4,1_4&Prime; _builder_version=\u00a0\u00bb4.20.1&Prime; _module_preset=\u00a0\u00bbdefault\u00a0\u00bb global_colors_info=\u00a0\u00bb{}\u00a0\u00bb][et_pb_column type=\u00a0\u00bb1_4&Prime; _builder_version=\u00a0\u00bb4.20.1&Prime; _module_preset=\u00a0\u00bbdefault\u00a0\u00bb global_colors_info=\u00a0\u00bb{}\u00a0\u00bb][et_pb_image src=\u00a0\u00bbhttps:\/\/sco-et-co.com\/wp-content\/uploads\/2026\/02\/fille-souriante-ecole-scaled-1.webp\u00a0\u00bb title_text=\u00a0\u00bbfille-souriante-ecole-scaled\u00a0\u00bb url=\u00a0\u00bbhttps:\/\/sco-et-co.com\/index.php\/soutien-scolaire\/\u00a0\u00bb _builder_version=\u00a0\u00bb4.27.2&Prime; _module_preset=\u00a0\u00bbdefault\u00a0\u00bb border_radii=\u00a0\u00bbon|15px|15px|15px|15px\u00a0\u00bb box_shadow_style=\u00a0\u00bbpreset1&Prime; global_colors_info=\u00a0\u00bb{}\u00a0\u00bb][\/et_pb_image][et_pb_text _builder_version=\u00a0\u00bb4.27.2&Prime; _module_preset=\u00a0\u00bbdefault\u00a0\u00bb text_font=\u00a0\u00bbMabook|600||on|||||\u00a0\u00bb header_3_font=\u00a0\u00bb|600|||||||\u00a0\u00bb text_orientation=\u00a0\u00bbcenter\u00a0\u00bb link_option_url=\u00a0\u00bbhttps:\/\/sco-et-co.com\/index.php\/soutien-scolaire\/\u00a0\u00bb global_colors_info=\u00a0\u00bb{}\u00a0\u00bb]<\/p>\n<h3>SOUTIEN SCOLAIRE SPECIFIQUE<\/h3>\n<p>[\/et_pb_text][et_pb_button button_url=\u00a0\u00bbhttps:\/\/sco-et-co.com\/index.php\/soutien-scolaire\/\u00a0\u00bb button_text=\u00a0\u00bbEn savoir plus\u00a0\u00bb button_alignment=\u00a0\u00bbcenter\u00a0\u00bb _builder_version=\u00a0\u00bb4.20.2&Prime; _module_preset=\u00a0\u00bbdefault\u00a0\u00bb custom_button=\u00a0\u00bbon\u00a0\u00bb button_text_size=\u00a0\u00bb18px\u00a0\u00bb button_text_color=\u00a0\u00bb#FFFFFF\u00a0\u00bb button_bg_color=\u00a0\u00bb#E02B20&Prime; button_border_width=\u00a0\u00bb0px\u00a0\u00bb button_border_radius=\u00a0\u00bb100px\u00a0\u00bb button_font=\u00a0\u00bbMabook||||||||\u00a0\u00bb global_colors_info=\u00a0\u00bb{}\u00a0\u00bb][\/et_pb_button][\/et_pb_column][et_pb_column type=\u00a0\u00bb1_4&Prime; _builder_version=\u00a0\u00bb4.20.1&Prime; _module_preset=\u00a0\u00bbdefault\u00a0\u00bb global_colors_info=\u00a0\u00bb{}\u00a0\u00bb][et_pb_image src=\u00a0\u00bbhttps:\/\/sco-et-co.com\/wp-content\/uploads\/2026\/02\/seance-et-devoir-a-domicile-avec-les-enfants-en-difficulte-dapprentissage.webp\u00a0\u00bb title_text=\u00a0\u00bbs\u00e9ance et devoir \u00e0 domicile avec les enfants en difficult\u00e9 d&rsquo;apprentissage\u00a0\u00bb url=\u00a0\u00bbhttps:\/\/sco-et-co.com\/index.php\/aide-au-devoir\/\u00a0\u00bb _builder_version=\u00a0\u00bb4.27.2&Prime; _module_preset=\u00a0\u00bbdefault\u00a0\u00bb border_radii=\u00a0\u00bbon|15px|15px|15px|15px\u00a0\u00bb box_shadow_style=\u00a0\u00bbpreset1&Prime; global_colors_info=\u00a0\u00bb{}\u00a0\u00bb][\/et_pb_image][et_pb_text _builder_version=\u00a0\u00bb4.27.2&Prime; _module_preset=\u00a0\u00bbdefault\u00a0\u00bb text_font=\u00a0\u00bbMabook|600||on|||||\u00a0\u00bb header_3_font=\u00a0\u00bb|600|||||||\u00a0\u00bb text_orientation=\u00a0\u00bbcenter\u00a0\u00bb link_option_url=\u00a0\u00bbhttps:\/\/sco-et-co.com\/index.php\/aide-au-devoir\/\u00a0\u00bb global_colors_info=\u00a0\u00bb{}\u00a0\u00bb]<\/p>\n<h3>ORTHOPEDAGOGIE<\/h3>\n<p>[\/et_pb_text][et_pb_button button_url=\u00a0\u00bbhttps:\/\/sco-et-co.com\/index.php\/aide-au-devoir\/\u00a0\u00bb button_text=\u00a0\u00bbEn savoir plus\u00a0\u00bb button_alignment=\u00a0\u00bbcenter\u00a0\u00bb _builder_version=\u00a0\u00bb4.20.2&Prime; _module_preset=\u00a0\u00bbdefault\u00a0\u00bb custom_button=\u00a0\u00bbon\u00a0\u00bb button_text_size=\u00a0\u00bb18px\u00a0\u00bb button_text_color=\u00a0\u00bb#FFFFFF\u00a0\u00bb button_bg_color=\u00a0\u00bb#E02B20&Prime; button_border_width=\u00a0\u00bb0px\u00a0\u00bb button_border_radius=\u00a0\u00bb100px\u00a0\u00bb button_font=\u00a0\u00bbMabook||||||||\u00a0\u00bb global_colors_info=\u00a0\u00bb{}\u00a0\u00bb][\/et_pb_button][\/et_pb_column][et_pb_column type=\u00a0\u00bb1_4&Prime; _builder_version=\u00a0\u00bb4.20.1&Prime; _module_preset=\u00a0\u00bbdefault\u00a0\u00bb global_colors_info=\u00a0\u00bb{}\u00a0\u00bb][et_pb_image src=\u00a0\u00bbhttps:\/\/sco-et-co.com\/wp-content\/uploads\/2026\/02\/famille-multigenerationnelle-profitant-du-temps-ensemble-maison-accent-est-mis-pere-heureux-qui-parle-sa-petite-fille-passe-accord-elle-scaled-1.webp\u00a0\u00bb title_text=\u00a0\u00bbfamille-multigenerationnelle-profitant-du-temps-ensemble-maison-accent-est-mis-pere-heureux-qui-parle-sa-petite-fille-passe-accord-elle-scaled\u00a0\u00bb url=\u00a0\u00bbhttps:\/\/sco-et-co.com\/index.php\/accompagnement-parental\/\u00a0\u00bb _builder_version=\u00a0\u00bb4.27.2&Prime; _module_preset=\u00a0\u00bbdefault\u00a0\u00bb border_radii=\u00a0\u00bbon|15px|15px|15px|15px\u00a0\u00bb box_shadow_style=\u00a0\u00bbpreset1&Prime; global_colors_info=\u00a0\u00bb{}\u00a0\u00bb][\/et_pb_image][et_pb_text _builder_version=\u00a0\u00bb4.20.2&Prime; _module_preset=\u00a0\u00bbdefault\u00a0\u00bb text_font=\u00a0\u00bbMabook|600||on|||||\u00a0\u00bb header_3_font=\u00a0\u00bb|600|||||||\u00a0\u00bb header_3_font_size=\u00a0\u00bb16px\u00a0\u00bb text_orientation=\u00a0\u00bbcenter\u00a0\u00bb link_option_url=\u00a0\u00bbhttps:\/\/sco-et-co.com\/index.php\/accompagnement-parental\/\u00a0\u00bb global_colors_info=\u00a0\u00bb{}\u00a0\u00bb]<\/p>\n<h3>accompagnement parental<\/h3>\n<p>[\/et_pb_text][et_pb_button button_url=\u00a0\u00bbhttps:\/\/sco-et-co.com\/index.php\/accompagnement-parental\/\u00a0\u00bb button_text=\u00a0\u00bbEn savoir plus\u00a0\u00bb button_alignment=\u00a0\u00bbcenter\u00a0\u00bb _builder_version=\u00a0\u00bb4.20.2&Prime; _module_preset=\u00a0\u00bbdefault\u00a0\u00bb custom_button=\u00a0\u00bbon\u00a0\u00bb button_text_size=\u00a0\u00bb18px\u00a0\u00bb button_text_color=\u00a0\u00bb#FFFFFF\u00a0\u00bb button_bg_color=\u00a0\u00bb#E02B20&Prime; button_border_width=\u00a0\u00bb0px\u00a0\u00bb button_border_radius=\u00a0\u00bb100px\u00a0\u00bb button_font=\u00a0\u00bbMabook||||||||\u00a0\u00bb global_colors_info=\u00a0\u00bb{}\u00a0\u00bb][\/et_pb_button][\/et_pb_column][et_pb_column type=\u00a0\u00bb1_4&Prime; _builder_version=\u00a0\u00bb4.20.1&Prime; _module_preset=\u00a0\u00bbdefault\u00a0\u00bb global_colors_info=\u00a0\u00bb{}\u00a0\u00bb][et_pb_image src=\u00a0\u00bbhttps:\/\/sco-et-co.com\/wp-content\/uploads\/2026\/02\/outil-pedagogiques.webp\u00a0\u00bb title_text=\u00a0\u00bboutil-pedagogiques\u00a0\u00bb url=\u00a0\u00bbhttps:\/\/sco-et-co.com\/index.php\/atelier-doutils-pedagogiques\/\u00a0\u00bb _builder_version=\u00a0\u00bb4.27.2&Prime; _module_preset=\u00a0\u00bbdefault\u00a0\u00bb border_radii=\u00a0\u00bbon|15px|15px|15px|15px\u00a0\u00bb box_shadow_style=\u00a0\u00bbpreset1&Prime; global_colors_info=\u00a0\u00bb{}\u00a0\u00bb][\/et_pb_image][et_pb_text _builder_version=\u00a0\u00bb4.27.2&Prime; _module_preset=\u00a0\u00bbdefault\u00a0\u00bb text_font=\u00a0\u00bbMabook|600||on|||||\u00a0\u00bb header_3_font=\u00a0\u00bb|600|||||||\u00a0\u00bb header_4_font_size=\u00a0\u00bb15px\u00a0\u00bb text_orientation=\u00a0\u00bbcenter\u00a0\u00bb global_colors_info=\u00a0\u00bb{}\u00a0\u00bb]<\/p>\n<h4><strong>ateliers pedagogiques<\/strong><\/h4>\n<p>[\/et_pb_text][et_pb_button button_url=\u00a0\u00bbhttps:\/\/sco-et-co.com\/index.php\/atelier-doutils-pedagogiques\/\u00a0\u00bb button_text=\u00a0\u00bbEn savoir plus\u00a0\u00bb button_alignment=\u00a0\u00bbcenter\u00a0\u00bb _builder_version=\u00a0\u00bb4.21.0&Prime; _module_preset=\u00a0\u00bbdefault\u00a0\u00bb custom_button=\u00a0\u00bbon\u00a0\u00bb button_text_size=\u00a0\u00bb18px\u00a0\u00bb button_text_color=\u00a0\u00bb#FFFFFF\u00a0\u00bb button_bg_color=\u00a0\u00bb#E02B20&Prime; button_border_width=\u00a0\u00bb0px\u00a0\u00bb button_border_radius=\u00a0\u00bb100px\u00a0\u00bb button_font=\u00a0\u00bbMabook||||||||\u00a0\u00bb global_colors_info=\u00a0\u00bb{}\u00a0\u00bb][\/et_pb_button][\/et_pb_column][\/et_pb_row][\/et_pb_section][et_pb_section fb_built=\u00a0\u00bb1&Prime; _builder_version=\u00a0\u00bb4.21.0&Prime; _module_preset=\u00a0\u00bbdefault\u00a0\u00bb custom_margin=\u00a0\u00bb-18px||-18px||true|false\u00a0\u00bb custom_margin_tablet=\u00a0\u00bb\u00a0\u00bb custom_margin_phone=\u00a0\u00bb\u00a0\u00bb custom_margin_last_edited=\u00a0\u00bbon|tablet\u00a0\u00bb custom_padding=\u00a0\u00bb0px||0px||true|false\u00a0\u00bb global_module=\u00a0\u00bb409&Prime; saved_tabs=\u00a0\u00bball\u00a0\u00bb global_colors_info=\u00a0\u00bb{}\u00a0\u00bb][et_pb_row column_structure=\u00a0\u00bb1_3,1_3,1_3&Prime; _builder_version=\u00a0\u00bb4.20.2&Prime; _module_preset=\u00a0\u00bbdefault\u00a0\u00bb global_colors_info=\u00a0\u00bb{}\u00a0\u00bb][et_pb_column type=\u00a0\u00bb1_3&Prime; _builder_version=\u00a0\u00bb4.20.2&Prime; _module_preset=\u00a0\u00bbdefault\u00a0\u00bb global_colors_info=\u00a0\u00bb{}\u00a0\u00bb][et_pb_image src=\u00a0\u00bbhttps:\/\/sco-et-co.com\/wp-content\/uploads\/2023\/03\/cropped-Logo_V3@300x-8.png\u00a0\u00bb alt=\u00a0\u00bbSco et co &#8211; Soutien scolaire specifique\u00a0\u00bb align=\u00a0\u00bbcenter\u00a0\u00bb _builder_version=\u00a0\u00bb4.21.0&Prime; _module_preset=\u00a0\u00bbdefault\u00a0\u00bb width=\u00a0\u00bb100%\u00a0\u00bb width_tablet=\u00a0\u00bb38%\u00a0\u00bb width_phone=\u00a0\u00bb44%\u00a0\u00bb width_last_edited=\u00a0\u00bbon|desktop\u00a0\u00bb module_alignment=\u00a0\u00bbcenter\u00a0\u00bb custom_margin=\u00a0\u00bb-108px||||false|false\u00a0\u00bb custom_margin_tablet=\u00a0\u00bb-101px||||false|false\u00a0\u00bb custom_margin_phone=\u00a0\u00bb\u00a0\u00bb custom_margin_last_edited=\u00a0\u00bbon|tablet\u00a0\u00bb global_colors_info=\u00a0\u00bb{}\u00a0\u00bb][\/et_pb_image][\/et_pb_column][et_pb_column type=\u00a0\u00bb1_3&Prime; _builder_version=\u00a0\u00bb4.20.2&Prime; _module_preset=\u00a0\u00bbdefault\u00a0\u00bb global_colors_info=\u00a0\u00bb{}\u00a0\u00bb][et_pb_blurb use_icon=\u00a0\u00bbon\u00a0\u00bb font_icon=\u00a0\u00bb&#xe00b;||divi||400&Prime; image_icon_width=\u00a0\u00bb40px\u00a0\u00bb _builder_version=\u00a0\u00bb4.20.4&Prime; _module_preset=\u00a0\u00bbdefault\u00a0\u00bb header_text_align=\u00a0\u00bbcenter\u00a0\u00bb body_font=\u00a0\u00bbMabook||||||||\u00a0\u00bb body_font_size=\u00a0\u00bb20px\u00a0\u00bb global_colors_info=\u00a0\u00bb{}\u00a0\u00bb]<\/p>\n<p style=\"text-align: center;\"><span style=\"color: #000000;\"><a href=\"telto:07%2063 67 51 05\" style=\"color: #000000;\">07 63 67 51 05<\/a><\/span><\/p>\n<p>[\/et_pb_blurb][\/et_pb_column][et_pb_column type=\u00a0\u00bb1_3&Prime; _builder_version=\u00a0\u00bb4.20.2&Prime; _module_preset=\u00a0\u00bbdefault\u00a0\u00bb global_colors_info=\u00a0\u00bb{}\u00a0\u00bb][et_pb_blurb use_icon=\u00a0\u00bbon\u00a0\u00bb font_icon=\u00a0\u00bb&#xf0e0;||fa||400&Prime; image_icon_width=\u00a0\u00bb40px\u00a0\u00bb _builder_version=\u00a0\u00bb4.20.4&Prime; _module_preset=\u00a0\u00bbdefault\u00a0\u00bb header_font=\u00a0\u00bbMabook||||||||\u00a0\u00bb header_text_align=\u00a0\u00bbcenter\u00a0\u00bb body_font=\u00a0\u00bbMabook||||||||\u00a0\u00bb body_text_color=\u00a0\u00bb#000000&Prime; body_font_size=\u00a0\u00bb20px\u00a0\u00bb text_orientation=\u00a0\u00bbcenter\u00a0\u00bb global_colors_info=\u00a0\u00bb{}\u00a0\u00bb]<\/p>\n<p><span style=\"color: #000000;\"><a href=\"mailto:scoetco@gmail.com\" style=\"color: #000000;\">scoetco@gmail.com<\/a><\/span><\/p>\n<p>[\/et_pb_blurb][\/et_pb_column][\/et_pb_row][\/et_pb_section]<\/p>\n","protected":false},"excerpt":{"rendered":"<p>DEROULEMENT DES SEANCES PRISE DE CONTACT Un \u00e9change t\u00e9l\u00e9phonique ou par mail a lieu afin de conna\u00eetre vos besoins. ENTRETIEN A DOMICILE Un rendez-vous \u00e0 votre domicile d\u20191h \u00e0 1h30 pour d\u00e9finir vos objectifs et rencontrer l\u2019enfant \u00e0 accompagner. PERIODE D\u2019OBSERVATION Plusieurs rencontres seront n\u00e9cessaires selon : &#8211; le niveau scolaire de votre enfant, pour [&hellip;]<\/p>\n","protected":false},"author":1,"featured_media":0,"parent":0,"menu_order":0,"comment_status":"closed","ping_status":"closed","template":"","meta":{"_seopress_robots_primary_cat":"","_seopress_titles_title":"Tarifs Accompagnement Scolaire & Coaching - Essonne (91) et Val de Marne (94)","_seopress_titles_desc":"D\u00e9couvrez nos formules de suivi scolaire \u00e0 domicile ou \u00e0 distance. Solutions flexibles et adapt\u00e9es aux besoins de votre enfant en Essonne et Val de Marne. Devis gratuit.","_seopress_robots_index":"","_et_pb_use_builder":"on","_et_pb_old_content":"","_et_gb_content_width":"","footnotes":""},"class_list":["post-312","page","type-page","status-publish","hentry"],"_links":{"self":[{"href":"https:\/\/sco-et-co.com\/index.php\/wp-json\/wp\/v2\/pages\/312","targetHints":{"allow":["GET"]}}],"collection":[{"href":"https:\/\/sco-et-co.com\/index.php\/wp-json\/wp\/v2\/pages"}],"about":[{"href":"https:\/\/sco-et-co.com\/index.php\/wp-json\/wp\/v2\/types\/page"}],"author":[{"embeddable":true,"href":"https:\/\/sco-et-co.com\/index.php\/wp-json\/wp\/v2\/users\/1"}],"replies":[{"embeddable":true,"href":"https:\/\/sco-et-co.com\/index.php\/wp-json\/wp\/v2\/comments?post=312"}],"version-history":[{"count":44,"href":"https:\/\/sco-et-co.com\/index.php\/wp-json\/wp\/v2\/pages\/312\/revisions"}],"predecessor-version":[{"id":884,"href":"https:\/\/sco-et-co.com\/index.php\/wp-json\/wp\/v2\/pages\/312\/revisions\/884"}],"wp:attachment":[{"href":"https:\/\/sco-et-co.com\/index.php\/wp-json\/wp\/v2\/media?parent=312"}],"curies":[{"name":"wp","href":"https:\/\/api.w.org\/{rel}","templated":true}]}}